{"id":170,"date":"2026-03-24T07:05:13","date_gmt":"2026-03-24T06:05:13","guid":{"rendered":"https:\/\/ermisch.berlin\/cms\/?page_id=170"},"modified":"2026-04-11T06:38:39","modified_gmt":"2026-04-11T04:38:39","slug":"start","status":"publish","type":"page","link":"https:\/\/ermisch.berlin\/cms\/de\/start\/","title":{"rendered":"Start"},"content":{"rendered":"<h1 class=\"wp-block-heading\">50 Jahre Erfahrung, 100% frischer Wind<\/h1>\n\n<h2 class=\"wp-block-heading\">\u00dcber Familien-Unternehmen<\/h2>\n\n<p>Die St\u00e4rke von Familienunternehmen liegt in ihrer Erfahrung. Doch wie bleiben sie beweglich? Oft tun sie das nicht. Wir haben uns bewusst f\u00fcr einen Neuanfang entschieden \u2013 nicht f\u00fcr eine blo\u00dfe Fortsetzung.<\/p>\n\n<h2 class=\"wp-block-heading\">Gestern &#038; heute<\/h2>\n\n<p>Kunden- und Mitarbeiterbed\u00fcrfnisse getrennt zu denken, war einmal. Heute setzen wir auf Klarheit, Offenheit und gemeinsame Verantwortung \u2013 konzentriert auf wenige, handverlesene Projekte.<\/p>\n\n<h2 class=\"wp-block-heading\">Bewegungen<\/h2>\n\n<p>In Zukunft m\u00f6chten wir wieder wachsen \u2013 mit Menschen, die etwas bewegen wollen. Ob als anspruchsvoller Kunde oder als qualifizierte Fachkraft:<\/p>\n\n<p>Wir freuen uns auf den Austausch mit Ihnen.<\/p>\n\n<h3 class=\"wp-block-heading\">Kontakt<\/h3>\n\n<figure class=\"wp-block-image size-large\"><img loading=\"lazy\" decoding=\"async\" width=\"1024\" height=\"683\" src=\"https:\/\/ermisch.berlin\/cms\/wp-content\/uploads\/2026\/03\/haus-1024x683.webp\" class=\"wp-image-57\" srcset=\"https:\/\/ermisch.berlin\/cms\/wp-content\/uploads\/2026\/03\/haus-1024x683.webp 1024w, https:\/\/ermisch.berlin\/cms\/wp-content\/uploads\/2026\/03\/haus-300x200.webp 300w, https:\/\/ermisch.berlin\/cms\/wp-content\/uploads\/2026\/03\/haus-768x512.webp 768w, https:\/\/ermisch.berlin\/cms\/wp-content\/uploads\/2026\/03\/haus-1200x800.webp 1200w, https:\/\/ermisch.berlin\/cms\/wp-content\/uploads\/2026\/03\/haus-600x400.webp 600w, https:\/\/ermisch.berlin\/cms\/wp-content\/uploads\/2026\/03\/haus.webp 1536w\" sizes=\"auto, (max-width: 1024px) 100vw, 1024px\" \/><\/figure>","protected":false},"excerpt":{"rendered":"<p>50 Jahre Erfahrung, 100% frischer Wind \u00dcber Familien-Unternehmen Die St\u00e4rke von Familienunternehmen liegt in ihrer Erfahrung. Doch wie bleiben sie beweglich? Oft tun sie das nicht. Wir haben uns bewusst f\u00fcr einen Neuanfang entschieden \u2013 nicht f\u00fcr eine blo\u00dfe Fortsetzung. Gestern &#038; heute Kunden- und Mitarbeiterbed\u00fcrfnisse getrennt zu denken, war einmal. Heute setzen wir auf [&hellip;]<\/p>\n","protected":false},"author":1,"featured_media":0,"parent":0,"menu_order":0,"comment_status":"closed","ping_status":"closed","template":"","meta":{"footnotes":""},"hf_cat_page":[4],"class_list":["post-170","page","type-page","status-publish","hentry"],"_links":{"self":[{"href":"https:\/\/ermisch.berlin\/cms\/wp-json\/wp\/v2\/pages\/170","targetHints":{"allow":["GET"]}}],"collection":[{"href":"https:\/\/ermisch.berlin\/cms\/wp-json\/wp\/v2\/pages"}],"about":[{"href":"https:\/\/ermisch.berlin\/cms\/wp-json\/wp\/v2\/types\/page"}],"author":[{"embeddable":true,"href":"https:\/\/ermisch.berlin\/cms\/wp-json\/wp\/v2\/users\/1"}],"replies":[{"embeddable":true,"href":"https:\/\/ermisch.berlin\/cms\/wp-json\/wp\/v2\/comments?post=170"}],"version-history":[{"count":16,"href":"https:\/\/ermisch.berlin\/cms\/wp-json\/wp\/v2\/pages\/170\/revisions"}],"predecessor-version":[{"id":336,"href":"https:\/\/ermisch.berlin\/cms\/wp-json\/wp\/v2\/pages\/170\/revisions\/336"}],"wp:attachment":[{"href":"https:\/\/ermisch.berlin\/cms\/wp-json\/wp\/v2\/media?parent=170"}],"wp:term":[{"taxonomy":"hf_cat_page","embeddable":true,"href":"https:\/\/ermisch.berlin\/cms\/wp-json\/wp\/v2\/hf_cat_page?post=170"}],"curies":[{"name":"wp","href":"https:\/\/api.w.org\/{rel}","templated":true}]}}