{"id":26,"date":"2026-03-19T16:14:13","date_gmt":"2026-03-19T15:14:13","guid":{"rendered":"https:\/\/ermisch.berlin\/cms\/?page_id=26"},"modified":"2026-03-29T17:30:05","modified_gmt":"2026-03-29T15:30:05","slug":"impressum","status":"publish","type":"page","link":"https:\/\/ermisch.berlin\/cms\/de\/impressum\/","title":{"rendered":"Impressum"},"content":{"rendered":"<h1 class=\"wp-block-heading\">Impressum<\/h1>\n\n<p>Angaben gem\u00e4\u00df \u00a7 5 Digitale-Dienste-Gesetz (DDG)<\/p>\n\n<h2 class=\"wp-block-heading\">01. Kontakt<\/h2>\n\n<address>\n  <strong>Ermisch Elektro<\/strong><br \/>\n  Inhaber: Andreas Ermisch<br \/>\n  K\u00f6nigstra\u00dfe 51<br \/>\n  14109 Berlin<br \/>\n  Deutschland\n<\/address>\n\n<ul class=\"wp-block-list\">\n  <li><strong>Telefon:<\/strong> <a href=\"tel:+49308053344\">030 8053344<\/a><\/li>\n  <li><strong>Telefax:<\/strong> 030 8059006<\/li>\n  <li><strong>E-Mail:<\/strong> <a href=\"mailto:info@ermisch.berlin\">info@ermisch.berlin<\/a><\/li>\n  <li><strong>Website:<\/strong> <a href=\"https:\/\/ermisch.berlin\" target=\"_blank\" rel=\"noopener\">ermisch.berlin<\/a><\/li>\n<\/ul>\n\n<h2 class=\"wp-block-heading\">02. Verantwortlich f\u00fcr den Inhalt nach \u00a7 18 Abs. 2 MStV<\/h2>\n\n<p>Andreas Ermisch (Anschrift wie oben)<\/p>\n\n<h2 class=\"wp-block-heading\">03. Haftung f\u00fcr Inhalte<\/h2>\n\n<p>F\u00fcr eigene Inhalte sind wir nach den allgemeinen gesetzlichen Vorschriften verantwortlich. F\u00fcr fremde Informationen gelten die Haftungsprivilegierungen gem\u00e4\u00df Art. 4 bis 8 DSA in Verbindung mit \u00a7 7 DDG; eine allgemeine Verpflichtung zur \u00dcberwachung besteht nicht (Art. 8 DSA).<\/p>\n\n<h2 class=\"wp-block-heading\">04. Urheberrecht<\/h2>\n\n<p>Die auf dieser Website ver\u00f6ffentlichten Inhalte, Texte, Fotografien und sonstigen Werke sind \u2013 soweit nicht anders gekennzeichnet \u2013 urheberrechtlich gesch\u00fctzt. Jede Verwertung au\u00dferhalb der gesetzlich zul\u00e4ssigen Grenzen bedarf unserer vorherigen Zustimmung.<\/p>","protected":false},"excerpt":{"rendered":"<p>Impressum Angaben gem\u00e4\u00df \u00a7 5 Digitale-Dienste-Gesetz (DDG) 01. Kontakt Ermisch Elektro Inhaber: Andreas Ermisch K\u00f6nigstra\u00dfe 51 14109 Berlin Deutschland Telefon: 030 8053344 Telefax: 030 8059006 E-Mail: info@ermisch.berlin Website: ermisch.berlin 02. Verantwortlich f\u00fcr den Inhalt nach \u00a7 18 Abs. 2 MStV Andreas Ermisch (Anschrift wie oben) 03. Haftung f\u00fcr Inhalte F\u00fcr eigene Inhalte sind wir nach [&hellip;]<\/p>\n","protected":false},"author":1,"featured_media":0,"parent":0,"menu_order":0,"comment_status":"closed","ping_status":"closed","template":"","meta":{"footnotes":""},"hf_cat_page":[4],"class_list":["post-26","page","type-page","status-publish","hentry"],"_links":{"self":[{"href":"https:\/\/ermisch.berlin\/cms\/wp-json\/wp\/v2\/pages\/26","targetHints":{"allow":["GET"]}}],"collection":[{"href":"https:\/\/ermisch.berlin\/cms\/wp-json\/wp\/v2\/pages"}],"about":[{"href":"https:\/\/ermisch.berlin\/cms\/wp-json\/wp\/v2\/types\/page"}],"author":[{"embeddable":true,"href":"https:\/\/ermisch.berlin\/cms\/wp-json\/wp\/v2\/users\/1"}],"replies":[{"embeddable":true,"href":"https:\/\/ermisch.berlin\/cms\/wp-json\/wp\/v2\/comments?post=26"}],"version-history":[{"count":11,"href":"https:\/\/ermisch.berlin\/cms\/wp-json\/wp\/v2\/pages\/26\/revisions"}],"predecessor-version":[{"id":284,"href":"https:\/\/ermisch.berlin\/cms\/wp-json\/wp\/v2\/pages\/26\/revisions\/284"}],"wp:attachment":[{"href":"https:\/\/ermisch.berlin\/cms\/wp-json\/wp\/v2\/media?parent=26"}],"wp:term":[{"taxonomy":"hf_cat_page","embeddable":true,"href":"https:\/\/ermisch.berlin\/cms\/wp-json\/wp\/v2\/hf_cat_page?post=26"}],"curies":[{"name":"wp","href":"https:\/\/api.w.org\/{rel}","templated":true}]}}